{"id":170,"date":"2019-02-10T11:00:10","date_gmt":"2019-02-10T14:00:10","guid":{"rendered":"http:\/\/gardelitomania.com\/kiosco\/?post_type=product&#038;p=170"},"modified":"2026-03-13T16:18:36","modified_gmt":"2026-03-13T19:18:36","slug":"cd-oxigeno-los-gardelitos","status":"publish","type":"product","link":"https:\/\/www.gardelitomania.com\/?product=cd-oxigeno-los-gardelitos","title":{"rendered":"CD Ox\u00edgeno &#8211; Los Gardelitos"},"content":{"rendered":"<p>CD Ox\u00edgeno &#8211; Los Gardelitos<\/p>\n<p>Edici\u00f3n en Digipack<\/p>\n<p>Env\u00edos por correo a todo el pa\u00eds.<\/p>\n<p>&nbsp;<\/p>\n","protected":false},"excerpt":{"rendered":"<p>CD Ox\u00edgeno &#8211; Los Gardelitos Edici\u00f3n en Digipack Env\u00edos por correo a todo el pa\u00eds. &nbsp;<\/p>\n","protected":false},"featured_media":171,"template":"","meta":[],"product_cat":[21],"product_tag":[],"_links":{"self":[{"href":"https:\/\/www.gardelitomania.com\/index.php?rest_route=\/wp\/v2\/product\/170"}],"collection":[{"href":"https:\/\/www.gardelitomania.com\/index.php?rest_route=\/wp\/v2\/product"}],"about":[{"href":"https:\/\/www.gardelitomania.com\/index.php?rest_route=\/wp\/v2\/types\/product"}],"wp:featuredmedia":[{"embeddable":true,"href":"https:\/\/www.gardelitomania.com\/index.php?rest_route=\/wp\/v2\/media\/171"}],"wp:attachment":[{"href":"https:\/\/www.gardelitomania.com\/index.php?rest_route=%2Fwp%2Fv2%2Fmedia&parent=170"}],"wp:term":[{"taxonomy":"product_cat","embeddable":true,"href":"https:\/\/www.gardelitomania.com\/index.php?rest_route=%2Fwp%2Fv2%2Fproduct_cat&post=170"},{"taxonomy":"product_tag","embeddable":true,"href":"https:\/\/www.gardelitomania.com\/index.php?rest_route=%2Fwp%2Fv2%2Fproduct_tag&post=170"}],"curies":[{"name":"wp","href":"https:\/\/api.w.org\/{rel}","templated":true}]}}