{"id":53505,"date":"2026-01-07T17:01:51","date_gmt":"2026-01-07T20:01:51","guid":{"rendered":"https:\/\/www.gardelitomania.com\/?post_type=product&#038;p=53505"},"modified":"2026-03-21T15:48:31","modified_gmt":"2026-03-21T18:48:31","slug":"remera-los-gardelitos-moron","status":"publish","type":"product","link":"https:\/\/www.gardelitomania.com\/?product=remera-los-gardelitos-moron","title":{"rendered":"Remera Los Gardelitos  -MORON"},"content":{"rendered":"<p>Remera Los Gardelitos Modelo\u00a0 MORON 2025<\/p>\n<p>Espalda con estampa San Juan &#8211; Espalda Fecha MORON 2025<\/p>\n<p>Remera en algod\u00f3n con estampa en serigraf\u00eda.<\/p>\n<p>&nbsp;<\/p>\n<p>ENVIO DENTRO DE LOS 7 D\u00cdAS<\/p>\n<p>Si se selecciona la opci\u00f3n de abonar en efectivo en Rapipago, Pagofacil o servicios similares el pago debe realizarse dentro de la 48hs de emitido el cup\u00f3n.<\/p>\n<p>Medidas:<\/p>\n<p>Talle S:\u00a0 64cm de largo por 47cm de ancho<br \/>\nTalle M:\u00a0 66cm de largo por 50cm de ancho<br \/>\nTalle L:\u00a0 69cm de largo por 54cm de ancho<br \/>\nTalle XL:\u00a0 72cm de largo por 57cm de ancho<br \/>\nTalle XXL:\u00a0 75cm de largo por 61cm de ancho<\/p>\n<p>El largo se toma desde la etiqueta hasta la base.<br \/>\nEl ancho se toma de axila a axila.<\/p>\n<p>Las medidas pueden variar +\/- 2 cm.<\/p>\n<p>Te recomendamos midas una prenda que te quede bien para comparar los talles.<\/p>\n","protected":false},"excerpt":{"rendered":"<p>Remera Los Gardelitos Modelo\u00a0 MORON 2025 Espalda con estampa San Juan &#8211; Espalda Fecha MORON 2025 Remera en algod\u00f3n con estampa en serigraf\u00eda. &nbsp; ENVIO DENTRO DE LOS 7 D\u00cdAS Si se selecciona la opci\u00f3n de abonar en efectivo en Rapipago, Pagofacil o servicios similares el pago debe realizarse dentro de la 48hs de emitido [&hellip;]<\/p>\n","protected":false},"featured_media":53511,"template":"","meta":[],"product_cat":[19],"product_tag":[],"_links":{"self":[{"href":"https:\/\/www.gardelitomania.com\/index.php?rest_route=\/wp\/v2\/product\/53505"}],"collection":[{"href":"https:\/\/www.gardelitomania.com\/index.php?rest_route=\/wp\/v2\/product"}],"about":[{"href":"https:\/\/www.gardelitomania.com\/index.php?rest_route=\/wp\/v2\/types\/product"}],"wp:featuredmedia":[{"embeddable":true,"href":"https:\/\/www.gardelitomania.com\/index.php?rest_route=\/wp\/v2\/media\/53511"}],"wp:attachment":[{"href":"https:\/\/www.gardelitomania.com\/index.php?rest_route=%2Fwp%2Fv2%2Fmedia&parent=53505"}],"wp:term":[{"taxonomy":"product_cat","embeddable":true,"href":"https:\/\/www.gardelitomania.com\/index.php?rest_route=%2Fwp%2Fv2%2Fproduct_cat&post=53505"},{"taxonomy":"product_tag","embeddable":true,"href":"https:\/\/www.gardelitomania.com\/index.php?rest_route=%2Fwp%2Fv2%2Fproduct_tag&post=53505"}],"curies":[{"name":"wp","href":"https:\/\/api.w.org\/{rel}","templated":true}]}}