{"id":53514,"date":"2026-01-07T17:08:54","date_gmt":"2026-01-07T20:08:54","guid":{"rendered":"https:\/\/www.gardelitomania.com\/?post_type=product&#038;p=53514"},"modified":"2026-02-12T18:52:40","modified_gmt":"2026-02-12T21:52:40","slug":"remera-los-gardelitos-el-sueno-de-los-locos-moron","status":"publish","type":"product","link":"https:\/\/www.gardelitomania.com\/?product=remera-los-gardelitos-el-sueno-de-los-locos-moron","title":{"rendered":"Remera Los Gardelitos EL SUE\u00d1O DE LOS LOCOS &#8211; MORON"},"content":{"rendered":"<p>Remera Los Gardelitos Modelo EL SUE\u00d1O DE LOS LOCOS &#8211;\u00a0 MORON<\/p>\n<p>Frente Estampa MORON 2025<\/p>\n<p>Espalda con estampa letra El sue\u00f1o de los locos<\/p>\n<p>Remera en algod\u00f3n con estampa en serigraf\u00eda.<\/p>\n<p>&nbsp;<\/p>\n<p>ENVIO DENTRO DE LOS 7 D\u00cdAS<\/p>\n<p>Si se selecciona la opci\u00f3n de abonar en efectivo en Rapipago, Pagofacil o servicios similares el pago debe realizarse dentro de la 48hs de emitido el cup\u00f3n.<\/p>\n<p>Medidas:<\/p>\n<p>Talle S:\u00a0 64cm de largo por 47cm de ancho<br \/>\nTalle M:\u00a0 66cm de largo por 50cm de ancho<br \/>\nTalle L:\u00a0 69cm de largo por 54cm de ancho<br \/>\nTalle XL:\u00a0 72cm de largo por 57cm de ancho<br \/>\nTalle XXL:\u00a0 75cm de largo por 61cm de ancho<\/p>\n<p>El largo se toma desde la etiqueta hasta la base.<br \/>\nEl ancho se toma de axila a axila.<\/p>\n<p>Las medidas pueden variar +\/- 2 cm.<\/p>\n<p>Te recomendamos midas una prenda que te quede bien para comparar los talles.<\/p>\n","protected":false},"excerpt":{"rendered":"<p>Remera Los Gardelitos Modelo EL SUE\u00d1O DE LOS LOCOS &#8211;\u00a0 MORON Frente Estampa MORON 2025 Espalda con estampa letra El sue\u00f1o de los locos Remera en algod\u00f3n con estampa en serigraf\u00eda. &nbsp; ENVIO DENTRO DE LOS 7 D\u00cdAS Si se selecciona la opci\u00f3n de abonar en efectivo en Rapipago, Pagofacil o servicios similares el pago [&hellip;]<\/p>\n","protected":false},"featured_media":53511,"template":"","meta":[],"product_cat":[19],"product_tag":[],"_links":{"self":[{"href":"https:\/\/www.gardelitomania.com\/index.php?rest_route=\/wp\/v2\/product\/53514"}],"collection":[{"href":"https:\/\/www.gardelitomania.com\/index.php?rest_route=\/wp\/v2\/product"}],"about":[{"href":"https:\/\/www.gardelitomania.com\/index.php?rest_route=\/wp\/v2\/types\/product"}],"wp:featuredmedia":[{"embeddable":true,"href":"https:\/\/www.gardelitomania.com\/index.php?rest_route=\/wp\/v2\/media\/53511"}],"wp:attachment":[{"href":"https:\/\/www.gardelitomania.com\/index.php?rest_route=%2Fwp%2Fv2%2Fmedia&parent=53514"}],"wp:term":[{"taxonomy":"product_cat","embeddable":true,"href":"https:\/\/www.gardelitomania.com\/index.php?rest_route=%2Fwp%2Fv2%2Fproduct_cat&post=53514"},{"taxonomy":"product_tag","embeddable":true,"href":"https:\/\/www.gardelitomania.com\/index.php?rest_route=%2Fwp%2Fv2%2Fproduct_tag&post=53514"}],"curies":[{"name":"wp","href":"https:\/\/api.w.org\/{rel}","templated":true}]}}